{"id":223,"date":"2017-05-30T14:39:16","date_gmt":"2017-05-30T14:39:16","guid":{"rendered":"http:\/\/ilsettimosaggio.hyst.eu\/?page_id=223"},"modified":"2025-05-28T16:20:26","modified_gmt":"2025-05-28T16:20:26","slug":"223-2","status":"publish","type":"page","link":"https:\/\/ilsettimosaggio.hyst.eu\/en\/","title":{"rendered":"HYST FOR AFRICA"},"content":{"rendered":"<div style=\"float: left; margin-right: 15px;\"><iframe loading=\"lazy\" src=\"https:\/\/www.youtube.com\/embed\/Mkl0qBaUr4Y?rel=0\" width=\"462\" height=\"260\" frameborder=\"0\" allowfullscreen=\"allowfullscreen\"><\/iframe><\/div>\n<p><\/p>\n<p><\/p>\n<div style=\"display: table;\"><center><a href=\"https:\/\/press.hyst.eu\/wp-content\/uploads\/sites\/19\/2017\/12\/evoluzione_dell_energia.pdf\" target=\"_blank\" rel=\"noopener noreferrer\"><img loading=\"lazy\" style=\"border: 1px solid #CCCCCC; margin: 0;\" src=\"https:\/\/i0.wp.com\/press.hyst.eu\/wp-content\/uploads\/sites\/19\/2018\/01\/biohyst.gif?resize=170%2C240&#038;ssl=1\" width=\"170\" height=\"240\"  data-recalc-dims=\"1\"><\/a><br \/>\n<a style=\"font-weight: bold;\" href=\"https:\/\/press.hyst.eu\/wp-content\/uploads\/sites\/19\/2017\/12\/evoluzione_dell_energia.pdf\" target=\"_blank\" rel=\"noopener noreferrer\">Download brochure<\/a><\/center><\/div>\n<p><\/p>\n<hr style=\"height: 12px; background: url('http:\/\/press.hyst.eu\/wp-content\/uploads\/sites\/19\/2017\/06\/hr_fra.png') 0 0 no-repeat; border: none; margin-top: 20px;\">\n<p style=\"text-align: left;\">Apr\u00e8s de nombreuses ann\u00e9es d&#8217;efforts, l&#8217;association Scienza per Amore peut enfin r\u00e9aliser son intention humanitaire, exprim\u00e9e par le projet <a href=\"https:\/\/bitsoffuture.hyst.eu\" target=\"_blank\" rel=\"noopener noreferrer\">Bits of Future: Food for All<\/a>.<br \/>\nLe Projet vise \u00e0 amener en Afrique une technologie innovante pour le traitement des biomasses agricoles, y compris les d\u00e9chets, \u00e0 des fins alimentaires et \u00e9nerg\u00e9tiques: la Hyst (Hypercritical Separation Technology).<br \/>\n\u00c0 la fin d&#8217;une p\u00e9riode d&#8217;exp\u00e9rimentation \u00e0 Balerna, Canton Ticino (CH), en raison des obstacles qui ont eu lieu en Italie, \u00e0 pr\u00e9sent enfin la HYST est arriv\u00e9e en Afrique. Le S\u00e9n\u00e9gal est le premier Pays \u00e0 pouvoir b\u00e9n\u00e9ficier de ladite technologie. Les accords conclus, il y a longtemps, avec le Gouvernement S\u00e9n\u00e9galais, se sont ainsi concr\u00e9tis\u00e9s gr\u00e2ce aussi au partenariat avec l&#8217;Union Africaine qui a choisi Scienza per Amore en tant que partenaire important dans le cadre de la lutte contre la faim et la d\u00e9sertification. C&#8217;est pourquoi Bits of Future: Food for All, con\u00e7u par Danilo Speranza, est l&#8217;un des piliers de l&#8217;Initiative de la Grande Muraille Verte pour le Sahara et le Sahel promue par l&#8217;Union Africaine.<\/p>\n<hr style=\"height: 12px; background: url('http:\/\/press.hyst.eu\/wp-content\/uploads\/sites\/19\/2017\/06\/hr_eng.png') 0 0 no-repeat; border: none; margin-top: 20px;\">\n<p style=\"text-align: left;\">After many years of work, the association Scienza per Amore can finally put the humanitarian project <a href=\"https:\/\/bitsoffuture.hyst.eu\" target=\"_blank\" rel=\"noopener noreferrer\">Bits of Future: Food for All<\/a> into action.<br \/>\nThe project aims to bring the Hypercritical Separation Technology (HYST) to Africa. The HYST is an innovative technology which processes agricultural biomass, waste biomass included, to produce food and energy.<br \/>\nToday the HYST has landed in Africa, after a long testing period carried out in Balerna (Ticino Canton, Switzerland) because of the obstacles found in Italy. The first country to use the technology will be Senegal. The agreement with Senegal was possible also thanks to the collaborative relationship between Scienza per Amore and the African Union, the latter has chosen Scienza per Amore as an important partner in the fight against hunger and desertification. For this reason Danilo Speranza&#8217;s Bits of Future: Food for All is a cornerstone of the Great Green Wall for the Sahara and Sahel Initiative, promoted by the AU itself.<\/p>\n<hr style=\"height: 12px; background: url('http:\/\/press.hyst.eu\/wp-content\/uploads\/sites\/19\/2017\/06\/hr_ita.png') 0 0 no-repeat; border: none; margin-top: 20px;\">\n<p style=\"text-align: left;\">Dopo molti anni di impegno, l&#8217;associazione Scienza per Amore finalmente pu\u00f2 realizzare i suoi intenti umanitari, espressi nel progetto <a href=\"https:\/\/bitsoffuture.hyst.eu\" target=\"_blank\" rel=\"noopener noreferrer\">Bits of Future: Food for All<\/a>.<br \/>\nIl Progetto ha come mira portare in Africa una innovativa tecnologia per la lavorazione delle biomasse agricole, anche di scarto, a fini alimentari ed energetici: la Hyst (Hypercritical Separation Technology).<br \/>\nAlla fine di un periodo di sperimentazione a Balerna, nel Canton Ticino (CH) a causa degli ostacoli trovati in Italia, oggi finalmente la Hyst \u00e8 approdata in Africa. Il primo Paese ad usufruirne \u00e8 il Senegal. Si sono concretizzati cos\u00ec gli accordi presi da tempo con il governo Senegalese, grazie anche al rapporto di collaborazione con L&#8217;Unione Africana che ha scelto Scienza per Amore come importante partner nell&#8217;ambito della lotta alla fame e alla desertificazione. Per questo motivo Bits of Future: Food for All, ideato da Danilo Speranza, \u00e8 uno dei pilastri nell&#8217;iniziativa della Grande Muraglia Verde per il Sahara e il Sahel promossa dall&#8217;UA stessa.<\/p>\n<p>&nbsp;<\/p>\n<p><center>&nbsp;&nbsp;<\/p>\n<table style=\"border: none; margin-top: 50px;\">\n<tbody>\n<tr>\n<td style=\"border: none;\">&nbsp;<\/td>\n<td style=\"border: none;\"><a href=\"https:\/\/bitsoffuture.hyst.eu\" target=\"_blank\" rel=\"noopener noreferrer\"><img loading=\"lazy\" class=\"aligncenter\" style=\"border: none;\" src=\"https:\/\/i1.wp.com\/press.hyst.eu\/wp-content\/uploads\/sites\/19\/2017\/05\/Bits-of-Future.png?resize=200%2C35&#038;ssl=1\" width=\"200\" height=\"35\"  data-recalc-dims=\"1\"><\/a>&nbsp;&nbsp;<\/p>\n<hr style=\"width: 80%; color: #bfbfbf; margin: 20px auto;\">\n<p><a href=\"https:\/\/scienzaper.hyst.eu\" target=\"_blank\" rel=\"noopener noreferrer\"><img loading=\"lazy\" class=\"aligncenter\" style=\"border: none;\" src=\"https:\/\/i1.wp.com\/press.hyst.eu\/wp-content\/uploads\/sites\/19\/2017\/05\/Scienza-per-Amore.png?resize=200%2C26&#038;ssl=1\" width=\"200\" height=\"26\"  data-recalc-dims=\"1\"><\/a><\/td>\n<\/tr>\n<\/tbody>\n<\/table>\n<p>&nbsp;<\/p>\n<p>&nbsp;<\/p>\n<p><\/center>&nbsp;<\/p>","protected":false},"excerpt":{"rendered":"<p>Download brochure Apr\u00e8s de nombreuses ann\u00e9es d&#8217;efforts, l&#8217;association Scienza per Amore peut enfin r\u00e9aliser son intention humanitaire, exprim\u00e9e par le projet Bits of Future: Food for All. Le Projet vise \u00e0 amener en Afrique une technologie innovante pour le traitement des biomasses agricoles, y compris les d\u00e9chets, \u00e0 des fins alimentaires et \u00e9nerg\u00e9tiques: la Hyst [&hellip;]<\/p>\n","protected":false},"author":80,"featured_media":0,"parent":0,"menu_order":0,"comment_status":"closed","ping_status":"closed","template":"","meta":{"om_disable_all_campaigns":false,"_monsterinsights_skip_tracking":false,"_monsterinsights_sitenote_active":false,"_monsterinsights_sitenote_note":"","_monsterinsights_sitenote_category":0,"ngg_post_thumbnail":0,"spay_email":""},"yoast_head":"<!-- This site is optimized with the Yoast SEO plugin v18.4.1 - https:\/\/yoast.com\/wordpress\/plugins\/seo\/ -->\n<title>HYST FOR AFRICA &middot; Il Settimo Saggio<\/title>\n<meta name=\"robots\" content=\"index, follow, max-snippet:-1, max-image-preview:large, max-video-preview:-1\" \/>\n<link rel=\"canonical\" href=\"https:\/\/ilsettimosaggio.hyst.eu\/\" \/>\n<meta property=\"og:locale\" content=\"en_US\" \/>\n<meta property=\"og:type\" content=\"article\" \/>\n<meta property=\"og:title\" content=\"HYST FOR AFRICA &middot; Il Settimo Saggio\" \/>\n<meta property=\"og:description\" content=\"Download brochure Apr\u00e8s de nombreuses ann\u00e9es d&#8217;efforts, l&#8217;association Scienza per Amore peut enfin r\u00e9aliser son intention humanitaire, exprim\u00e9e par le projet Bits of Future: Food for All. Le Projet vise \u00e0 amener en Afrique une technologie innovante pour le traitement des biomasses agricoles, y compris les d\u00e9chets, \u00e0 des fins alimentaires et \u00e9nerg\u00e9tiques: la Hyst [&hellip;]\" \/>\n<meta property=\"og:url\" content=\"https:\/\/ilsettimosaggio.hyst.eu\/\" \/>\n<meta property=\"og:site_name\" content=\"Il Settimo Saggio\" \/>\n<meta property=\"article:modified_time\" content=\"2025-05-28T16:20:26+00:00\" \/>\n<meta property=\"og:image\" content=\"https:\/\/press.hyst.eu\/wp-content\/uploads\/sites\/19\/2018\/01\/biohyst.gif\" \/>\n<meta name=\"twitter:card\" content=\"summary\" \/>\n<meta name=\"twitter:label1\" content=\"Est. reading time\" \/>\n\t<meta name=\"twitter:data1\" content=\"4 minutes\" \/>\n<script type=\"application\/ld+json\" class=\"yoast-schema-graph\">{\"@context\":\"https:\/\/schema.org\",\"@graph\":[{\"@type\":\"WebSite\",\"@id\":\"https:\/\/ilsettimosaggio.hyst.eu\/#website\",\"url\":\"https:\/\/ilsettimosaggio.hyst.eu\/\",\"name\":\"Il Settimo Saggio\",\"description\":\"Just another Multisite SxA site\",\"potentialAction\":[{\"@type\":\"SearchAction\",\"target\":{\"@type\":\"EntryPoint\",\"urlTemplate\":\"https:\/\/ilsettimosaggio.hyst.eu\/?s={search_term_string}\"},\"query-input\":\"required name=search_term_string\"}],\"inLanguage\":\"en-US\"},{\"@type\":\"ImageObject\",\"@id\":\"https:\/\/ilsettimosaggio.hyst.eu\/#primaryimage\",\"inLanguage\":\"en-US\",\"url\":\"https:\/\/press.hyst.eu\/wp-content\/uploads\/sites\/19\/2018\/01\/biohyst.gif\",\"contentUrl\":\"https:\/\/press.hyst.eu\/wp-content\/uploads\/sites\/19\/2018\/01\/biohyst.gif\"},{\"@type\":\"WebPage\",\"@id\":\"https:\/\/ilsettimosaggio.hyst.eu\/#webpage\",\"url\":\"https:\/\/ilsettimosaggio.hyst.eu\/\",\"name\":\"HYST FOR AFRICA &middot; Il Settimo Saggio\",\"isPartOf\":{\"@id\":\"https:\/\/ilsettimosaggio.hyst.eu\/#website\"},\"primaryImageOfPage\":{\"@id\":\"https:\/\/ilsettimosaggio.hyst.eu\/#primaryimage\"},\"datePublished\":\"2017-05-30T14:39:16+00:00\",\"dateModified\":\"2025-05-28T16:20:26+00:00\",\"breadcrumb\":{\"@id\":\"https:\/\/ilsettimosaggio.hyst.eu\/#breadcrumb\"},\"inLanguage\":\"en-US\",\"potentialAction\":[{\"@type\":\"ReadAction\",\"target\":[\"https:\/\/ilsettimosaggio.hyst.eu\/\"]}]},{\"@type\":\"BreadcrumbList\",\"@id\":\"https:\/\/ilsettimosaggio.hyst.eu\/#breadcrumb\",\"itemListElement\":[{\"@type\":\"ListItem\",\"position\":1,\"name\":\"Home\",\"item\":\"https:\/\/ilsettimosaggio.hyst.eu\/\"},{\"@type\":\"ListItem\",\"position\":2,\"name\":\"HYST FOR AFRICA\"}]}]}<\/script>\n<!-- \/ Yoast SEO plugin. -->","yoast_head_json":{"title":"HYST FOR AFRICA &middot; Il Settimo Saggio","robots":{"index":"index","follow":"follow","max-snippet":"max-snippet:-1","max-image-preview":"max-image-preview:large","max-video-preview":"max-video-preview:-1"},"canonical":"https:\/\/ilsettimosaggio.hyst.eu\/","og_locale":"en_US","og_type":"article","og_title":"HYST FOR AFRICA &middot; Il Settimo Saggio","og_description":"Download brochure Apr\u00e8s de nombreuses ann\u00e9es d&#8217;efforts, l&#8217;association Scienza per Amore peut enfin r\u00e9aliser son intention humanitaire, exprim\u00e9e par le projet Bits of Future: Food for All. Le Projet vise \u00e0 amener en Afrique une technologie innovante pour le traitement des biomasses agricoles, y compris les d\u00e9chets, \u00e0 des fins alimentaires et \u00e9nerg\u00e9tiques: la Hyst [&hellip;]","og_url":"https:\/\/ilsettimosaggio.hyst.eu\/","og_site_name":"Il Settimo Saggio","article_modified_time":"2025-05-28T16:20:26+00:00","og_image":[{"url":"https:\/\/press.hyst.eu\/wp-content\/uploads\/sites\/19\/2018\/01\/biohyst.gif"}],"twitter_card":"summary","twitter_misc":{"Est. reading time":"4 minutes"},"schema":{"@context":"https:\/\/schema.org","@graph":[{"@type":"WebSite","@id":"https:\/\/ilsettimosaggio.hyst.eu\/#website","url":"https:\/\/ilsettimosaggio.hyst.eu\/","name":"Il Settimo Saggio","description":"Just another Multisite SxA site","potentialAction":[{"@type":"SearchAction","target":{"@type":"EntryPoint","urlTemplate":"https:\/\/ilsettimosaggio.hyst.eu\/?s={search_term_string}"},"query-input":"required name=search_term_string"}],"inLanguage":"en-US"},{"@type":"ImageObject","@id":"https:\/\/ilsettimosaggio.hyst.eu\/#primaryimage","inLanguage":"en-US","url":"https:\/\/press.hyst.eu\/wp-content\/uploads\/sites\/19\/2018\/01\/biohyst.gif","contentUrl":"https:\/\/press.hyst.eu\/wp-content\/uploads\/sites\/19\/2018\/01\/biohyst.gif"},{"@type":"WebPage","@id":"https:\/\/ilsettimosaggio.hyst.eu\/#webpage","url":"https:\/\/ilsettimosaggio.hyst.eu\/","name":"HYST FOR AFRICA &middot; Il Settimo Saggio","isPartOf":{"@id":"https:\/\/ilsettimosaggio.hyst.eu\/#website"},"primaryImageOfPage":{"@id":"https:\/\/ilsettimosaggio.hyst.eu\/#primaryimage"},"datePublished":"2017-05-30T14:39:16+00:00","dateModified":"2025-05-28T16:20:26+00:00","breadcrumb":{"@id":"https:\/\/ilsettimosaggio.hyst.eu\/#breadcrumb"},"inLanguage":"en-US","potentialAction":[{"@type":"ReadAction","target":["https:\/\/ilsettimosaggio.hyst.eu\/"]}]},{"@type":"BreadcrumbList","@id":"https:\/\/ilsettimosaggio.hyst.eu\/#breadcrumb","itemListElement":[{"@type":"ListItem","position":1,"name":"Home","item":"https:\/\/ilsettimosaggio.hyst.eu\/"},{"@type":"ListItem","position":2,"name":"HYST FOR AFRICA"}]}]}},"jetpack_sharing_enabled":true,"jetpack_shortlink":"https:\/\/wp.me\/P8OJx8-3B","_links":{"self":[{"href":"https:\/\/ilsettimosaggio.hyst.eu\/en\/wp-json\/wp\/v2\/pages\/223"}],"collection":[{"href":"https:\/\/ilsettimosaggio.hyst.eu\/en\/wp-json\/wp\/v2\/pages"}],"about":[{"href":"https:\/\/ilsettimosaggio.hyst.eu\/en\/wp-json\/wp\/v2\/types\/page"}],"author":[{"embeddable":true,"href":"https:\/\/ilsettimosaggio.hyst.eu\/en\/wp-json\/wp\/v2\/users\/80"}],"replies":[{"embeddable":true,"href":"https:\/\/ilsettimosaggio.hyst.eu\/en\/wp-json\/wp\/v2\/comments?post=223"}],"version-history":[{"count":36,"href":"https:\/\/ilsettimosaggio.hyst.eu\/en\/wp-json\/wp\/v2\/pages\/223\/revisions"}],"predecessor-version":[{"id":461,"href":"https:\/\/ilsettimosaggio.hyst.eu\/en\/wp-json\/wp\/v2\/pages\/223\/revisions\/461"}],"wp:attachment":[{"href":"https:\/\/ilsettimosaggio.hyst.eu\/en\/wp-json\/wp\/v2\/media?parent=223"}],"curies":[{"name":"wp","href":"https:\/\/api.w.org\/{rel}","templated":true}]}}